{"id":5,"date":"2015-06-01T19:52:18","date_gmt":"2015-06-01T19:52:18","guid":{"rendered":"https:\/\/themulticaregroup.com\/es\/?page_id=5"},"modified":"2015-06-02T10:46:44","modified_gmt":"2015-06-02T14:46:44","slug":"quienes-somos","status":"publish","type":"page","link":"https:\/\/themulticaregroup.com\/es\/quienes-somos\/","title":{"rendered":"Quienes Somos"},"content":{"rendered":"<p><img decoding=\"async\" loading=\"lazy\" src=\"https:\/\/themulticaregroup.com\/es\/wp-content\/uploads\/sites\/2\/2015\/06\/about.jpg\" alt=\"About The Multicare Group\" width=\"589\" height=\"215\" class=\"alignnone size-full wp-image-73\" srcset=\"https:\/\/themulticaregroup.com\/es\/wp-content\/uploads\/sites\/2\/2015\/06\/about.jpg 589w, https:\/\/themulticaregroup.com\/es\/wp-content\/uploads\/sites\/2\/2015\/06\/about-300x110.jpg 300w\" sizes=\"(max-width: 589px) 100vw, 589px\" \/><\/p>\n<p>El Grupo MultiCare tiene m\u00e1s de 25 a\u00f1os de experiencia, especialistas en todos los aspectos de los beneficios para los empleados. Nuestra experiencia, visi\u00f3n e innovaci\u00f3n como \u2018l\u00edderes de cambio\u2019 ha resultado en soluciones consistentemente comprobadas y en una lista de clientes satisfechos que crece constantemente. Desde 1995, nuestra tasa de retencion de clientes ha sido de m\u00e1s del 95% con todos nuestros clientes experimentando ahorros del 10% &#8211; 40% sin ninguna p\u00e9rdida de beneficios!   <\/p>\n<p>Somos una empresa de servicio completo compuesta por profesionales en las \u00e1reas de: Programas Completos de Aseguranza, Programas Aut\u00f3nomos o Autofinanciados y completamente compatibles con la Ley de Servicios de Salud Accesible (ACA).  <\/p>\n<p>Nuestro exclusivo servicio te provee a ti y a tus miembros con acceso a:<\/p>\n<ul>\n<li>M\u00e1s de 25 a\u00f1os de experiencia en consultor\u00eda<\/li>\n<li>Socios l\u00edderes en la industria  con un historial comprobado que elimina cualquier incertidumbre<\/li>\n<li>Programas de discapacidad de corto y largo plazo<\/li>\n<li>Seguro de vida (grupal e individual)<\/li>\n<li>Cobertura Dental<\/li>\n<li>Servicios oftalmologicos <\/li>\n<li>Bienestar<\/li>\n<li>EAP<\/li>\n<\/ul>\n","protected":false},"excerpt":{"rendered":"<p>El Grupo MultiCare tiene m\u00e1s de 25 a\u00f1os de experiencia, especialistas en todos los aspectos de los beneficios para los empleados. Nuestra experiencia, visi\u00f3n e innovaci\u00f3n como \u2018l\u00edderes de cambio\u2019 ha resultado en soluciones consistentemente comprobadas y en una lista de clientes satisfechos que crece constantemente. Desde 1995, nuestra tasa de retencion de clientes ha [&hellip;]<\/p>\n","protected":false},"author":2,"featured_media":0,"parent":0,"menu_order":0,"comment_status":"open","ping_status":"open","template":"","meta":[],"_links":{"self":[{"href":"https:\/\/themulticaregroup.com\/es\/wp-json\/wp\/v2\/pages\/5"}],"collection":[{"href":"https:\/\/themulticaregroup.com\/es\/wp-json\/wp\/v2\/pages"}],"about":[{"href":"https:\/\/themulticaregroup.com\/es\/wp-json\/wp\/v2\/types\/page"}],"author":[{"embeddable":true,"href":"https:\/\/themulticaregroup.com\/es\/wp-json\/wp\/v2\/users\/2"}],"replies":[{"embeddable":true,"href":"https:\/\/themulticaregroup.com\/es\/wp-json\/wp\/v2\/comments?post=5"}],"version-history":[{"count":4,"href":"https:\/\/themulticaregroup.com\/es\/wp-json\/wp\/v2\/pages\/5\/revisions"}],"predecessor-version":[{"id":78,"href":"https:\/\/themulticaregroup.com\/es\/wp-json\/wp\/v2\/pages\/5\/revisions\/78"}],"wp:attachment":[{"href":"https:\/\/themulticaregroup.com\/es\/wp-json\/wp\/v2\/media?parent=5"}],"curies":[{"name":"wp","href":"https:\/\/api.w.org\/{rel}","templated":true}]}}