{"id":23,"date":"2015-06-01T19:54:43","date_gmt":"2015-06-01T23:54:43","guid":{"rendered":"https:\/\/themulticaregroup.com\/es\/?page_id=23"},"modified":"2015-06-02T17:00:51","modified_gmt":"2015-06-02T21:00:51","slug":"health-and-wellness","status":"publish","type":"page","link":"https:\/\/themulticaregroup.com\/es\/productos-y-servicios\/consultoria-beneficios-empresariales\/health-and-wellness\/","title":{"rendered":"Salud y Bienestar"},"content":{"rendered":"<p><img decoding=\"async\" loading=\"lazy\" class=\"alignnone size-full wp-image-104\" src=\"https:\/\/themulticaregroup.com\/es\/wp-content\/uploads\/sites\/2\/2015\/06\/Health-and-Wellness-e1433259283639.jpg\" alt=\"Health and Wellness\" width=\"615\" height=\"392\" \/><\/p>\n<p>El comportamiento es el factor m\u00e1s importante que determina la salud. Un estudio hecho por el Centro para el control y prevenci\u00f3n de enfermedades afirma que el comportamiento representa el 50% del impacto en la salud.<\/p>\n<p>&nbsp;<\/p>\n<p><b>Factores que impactan la salud<\/b><\/p>\n<ul>\n<li>Salud f\u00edsica &#8211; musculoesquel\u00e9tico, cardiovascular, respiratorio y diabetes son los mayores contribuyentes al ausentismo y discapacidad. Cada 7 minutos un canadiense tiene un ataque al coraz\u00f3n y cada 10 minutos un canadiense tiene un derrame cerebral<\/li>\n<li>Los problemas relacionados con la salud mental son responsables de entre el 30-40% de los costos por discapacidad<\/li>\n<li>30-40 % de las personas que est\u00e1n recibiendo tratamiento m\u00e9dico no cumplir\u00e1n con el plan<\/li>\n<li>El aumento de uso de medicamentos para tratar la depresi\u00f3n &#8211; 1981 31.4 millones de prescripciones en Canad\u00e1\u2026 En 2008 el costo fue de $1.2 billones<\/li>\n<\/ul>\n<h2 style=\"text-align: justify;\">Soluci\u00f3n<\/h2>\n<div>\n<p style=\"text-align: justify;\">Dise\u00f1ar una soluci\u00f3n beneficiosa que permita a las personas manejar su salud. Los costos se gestionan a trav\u00e9s de un dise\u00f1o que ofrece los programas adecuados que permitan a los empleados manejar su salud. Nuestras soluciones de salud y bienestar comienzan con un entendimiento del consumo de farmacos, la discapacidad, la EAP y otras iniciativas que proporcionan conocimientos sobre temas de salud. Luego, trabajamos con proveedores que son los mejores en el dise\u00f1o de soluciones que abordan y resuelven a trav\u00e9s de un enfoque de apoyo. En MultiCare integramos los programas para maximizar el valor y reducir los costos.<\/p>\n<p>Con el aumento de las tasas de prevalencia de enfermedades cr\u00f3nicas incluyendo la salud mental, c\u00e1ncer y diabetes los empleadores deben maximizar el inventario existente de programas antes de invertir en otros nuevos. La especialidad MultiCare Grupo es maximizar los programas existentes.<\/p>\n<\/div>\n","protected":false},"excerpt":{"rendered":"<p>El comportamiento es el factor m\u00e1s importante que determina la salud. Un estudio hecho por el Centro para el control y prevenci\u00f3n de enfermedades afirma que el comportamiento representa el 50% del impacto en la salud. &nbsp; Factores que impactan la salud Salud f\u00edsica &#8211; musculoesquel\u00e9tico, cardiovascular, respiratorio y diabetes son los mayores contribuyentes al [&hellip;]<\/p>\n","protected":false},"author":2,"featured_media":0,"parent":21,"menu_order":0,"comment_status":"open","ping_status":"closed","template":"","meta":[],"_links":{"self":[{"href":"https:\/\/themulticaregroup.com\/es\/wp-json\/wp\/v2\/pages\/23"}],"collection":[{"href":"https:\/\/themulticaregroup.com\/es\/wp-json\/wp\/v2\/pages"}],"about":[{"href":"https:\/\/themulticaregroup.com\/es\/wp-json\/wp\/v2\/types\/page"}],"author":[{"embeddable":true,"href":"https:\/\/themulticaregroup.com\/es\/wp-json\/wp\/v2\/users\/2"}],"replies":[{"embeddable":true,"href":"https:\/\/themulticaregroup.com\/es\/wp-json\/wp\/v2\/comments?post=23"}],"version-history":[{"count":6,"href":"https:\/\/themulticaregroup.com\/es\/wp-json\/wp\/v2\/pages\/23\/revisions"}],"predecessor-version":[{"id":112,"href":"https:\/\/themulticaregroup.com\/es\/wp-json\/wp\/v2\/pages\/23\/revisions\/112"}],"up":[{"embeddable":true,"href":"https:\/\/themulticaregroup.com\/es\/wp-json\/wp\/v2\/pages\/21"}],"wp:attachment":[{"href":"https:\/\/themulticaregroup.com\/es\/wp-json\/wp\/v2\/media?parent=23"}],"curies":[{"name":"wp","href":"https:\/\/api.w.org\/{rel}","templated":true}]}}