{"id":21,"date":"2015-06-01T19:54:26","date_gmt":"2015-06-01T19:54:26","guid":{"rendered":"https:\/\/themulticaregroup.com\/es\/?page_id=21"},"modified":"2015-06-02T11:25:54","modified_gmt":"2015-06-02T15:25:54","slug":"consultoria-beneficios-empresariales","status":"publish","type":"page","link":"https:\/\/themulticaregroup.com\/es\/productos-y-servicios\/consultoria-beneficios-empresariales\/","title":{"rendered":"Consultor\u00eda Beneficios Empresariales"},"content":{"rendered":"<p><img decoding=\"async\" loading=\"lazy\" src=\"https:\/\/themulticaregroup.com\/es\/wp-content\/uploads\/sites\/2\/2015\/06\/Employer-Benefits-Consulting-e1433258729362.jpg\" alt=\"Employer Benefits Consulting\" width=\"614\" height=\"409\" class=\"alignnone size-full wp-image-92\" \/><\/p>\n<p>El Grupo MultiCare ha venido mostrando a los negocios y organizaciones Americanas y Canadienses como reducir los costos para administrar el seguro colectivo y mejorar los beneficios por los \u00faltimos 20 a\u00f1os. Nuestro personalizado resumen ejecutivo financiero de tres p\u00e1ginas le mostrar\u00e1 claramente los ahorros esperados para su empresa.<\/p>\n<p>Todos nuestros servicios estan garantizados por escrito a trav\u00e9s de nuestro acuerdo de consultor\u00eda.<\/p>\n","protected":false},"excerpt":{"rendered":"<p>El Grupo MultiCare ha venido mostrando a los negocios y organizaciones Americanas y Canadienses como reducir los costos para administrar el seguro colectivo y mejorar los beneficios por los \u00faltimos 20 a\u00f1os. Nuestro personalizado resumen ejecutivo financiero de tres p\u00e1ginas le mostrar\u00e1 claramente los ahorros esperados para su empresa. Todos nuestros servicios estan garantizados por [&hellip;]<\/p>\n","protected":false},"author":2,"featured_media":0,"parent":19,"menu_order":0,"comment_status":"open","ping_status":"open","template":"","meta":[],"_links":{"self":[{"href":"https:\/\/themulticaregroup.com\/es\/wp-json\/wp\/v2\/pages\/21"}],"collection":[{"href":"https:\/\/themulticaregroup.com\/es\/wp-json\/wp\/v2\/pages"}],"about":[{"href":"https:\/\/themulticaregroup.com\/es\/wp-json\/wp\/v2\/types\/page"}],"author":[{"embeddable":true,"href":"https:\/\/themulticaregroup.com\/es\/wp-json\/wp\/v2\/users\/2"}],"replies":[{"embeddable":true,"href":"https:\/\/themulticaregroup.com\/es\/wp-json\/wp\/v2\/comments?post=21"}],"version-history":[{"count":6,"href":"https:\/\/themulticaregroup.com\/es\/wp-json\/wp\/v2\/pages\/21\/revisions"}],"predecessor-version":[{"id":95,"href":"https:\/\/themulticaregroup.com\/es\/wp-json\/wp\/v2\/pages\/21\/revisions\/95"}],"up":[{"embeddable":true,"href":"https:\/\/themulticaregroup.com\/es\/wp-json\/wp\/v2\/pages\/19"}],"wp:attachment":[{"href":"https:\/\/themulticaregroup.com\/es\/wp-json\/wp\/v2\/media?parent=21"}],"curies":[{"name":"wp","href":"https:\/\/api.w.org\/{rel}","templated":true}]}}