{"id":19,"date":"2015-06-01T19:54:06","date_gmt":"2015-06-01T19:54:06","guid":{"rendered":"https:\/\/themulticaregroup.com\/es\/?page_id=19"},"modified":"2015-06-02T10:48:00","modified_gmt":"2015-06-02T14:48:00","slug":"productos-y-servicios","status":"publish","type":"page","link":"https:\/\/themulticaregroup.com\/es\/productos-y-servicios\/","title":{"rendered":"Productos y Servicios"},"content":{"rendered":"<ul>\n<li>Consultor\u00eda Beneficios Empresariales (Estados Unidos y Canad\u00e1)<\/li>\n<li>Consultor\u00eda de Pensi\u00f3n para el Empleador (Estados Unidos y Canad\u00e1) <\/li>\n<li>PPO<\/li>\n<li>HMO<\/li>\n<li>Compensaci\u00f3n Ejecutiva <\/li>\n<li>Auditoria de Farmacos <\/li>\n<li>Segunda Opini\u00f3n<\/li>\n<li>Servicios Actuariales Completos <\/li>\n<li>Programas de Bienestar <\/li>\n<li>Programas de Asistencia al Empleado <\/li>\n<li>Consultoria de Recursos Humanos<\/li>\n<li>Servicios Bilingues<\/li>\n<\/ul>\n<h2>Seguro de Viaje<\/h2>\n<p><a href=\"https:\/\/themulticaregroup.com\/wp-content\/uploads\/2013\/04\/gms.gif\"><img decoding=\"async\" loading=\"lazy\" class=\"alignleft size-full wp-image-81\" src=\"https:\/\/themulticaregroup.com\/wp-content\/uploads\/2013\/04\/gms.gif\" alt=\"gms\" width=\"94\" height=\"76\" \/><\/a><\/p>\n<p>&nbsp;<\/p>\n<p>&nbsp;<\/p>\n<p>&nbsp;<\/p>\n<ul>\n<li><a href=\"https:\/\/online.gms.ca\/cims\/web\/indiv\/broker.aspx?agentid=343240\" target=\"_blank\">Salud Individual<\/a><\/li>\n<li><a href=\"https:\/\/online.gms.ca\/cims\/web\/travel\/broker.aspx?agentid=343240\" target=\"_blank\">Travelstar<\/a><\/li>\n<li><a href=\"https:\/\/online.gms.ca\/cims\/web\/travel\/broker.aspx?p=vtc&amp;agentid=343240\" target=\"_blank\">Inmigrantes y Visitantes<\/a><\/li>\n<\/ul>\n","protected":false},"excerpt":{"rendered":"<p>Consultor\u00eda Beneficios Empresariales (Estados Unidos y Canad\u00e1) Consultor\u00eda de Pensi\u00f3n para el Empleador (Estados Unidos y Canad\u00e1) PPO HMO Compensaci\u00f3n Ejecutiva Auditoria de Farmacos Segunda Opini\u00f3n Servicios Actuariales Completos Programas de Bienestar Programas de Asistencia al Empleado Consultoria de Recursos Humanos Servicios Bilingues Seguro de Viaje &nbsp; &nbsp; &nbsp; Salud Individual Travelstar Inmigrantes y Visitantes<\/p>\n","protected":false},"author":2,"featured_media":0,"parent":0,"menu_order":0,"comment_status":"open","ping_status":"open","template":"","meta":[],"_links":{"self":[{"href":"https:\/\/themulticaregroup.com\/es\/wp-json\/wp\/v2\/pages\/19"}],"collection":[{"href":"https:\/\/themulticaregroup.com\/es\/wp-json\/wp\/v2\/pages"}],"about":[{"href":"https:\/\/themulticaregroup.com\/es\/wp-json\/wp\/v2\/types\/page"}],"author":[{"embeddable":true,"href":"https:\/\/themulticaregroup.com\/es\/wp-json\/wp\/v2\/users\/2"}],"replies":[{"embeddable":true,"href":"https:\/\/themulticaregroup.com\/es\/wp-json\/wp\/v2\/comments?post=19"}],"version-history":[{"count":4,"href":"https:\/\/themulticaregroup.com\/es\/wp-json\/wp\/v2\/pages\/19\/revisions"}],"predecessor-version":[{"id":79,"href":"https:\/\/themulticaregroup.com\/es\/wp-json\/wp\/v2\/pages\/19\/revisions\/79"}],"wp:attachment":[{"href":"https:\/\/themulticaregroup.com\/es\/wp-json\/wp\/v2\/media?parent=19"}],"curies":[{"name":"wp","href":"https:\/\/api.w.org\/{rel}","templated":true}]}}